{"id":2469,"date":"2022-06-10T13:53:54","date_gmt":"2022-06-10T11:53:54","guid":{"rendered":"https:\/\/jobcapital.hu\/hirlevel-jelentkezes\/"},"modified":"2025-05-22T10:28:20","modified_gmt":"2025-05-22T08:28:20","slug":"newsletter-abonnieren","status":"publish","type":"page","link":"https:\/\/jobcapital.hu\/de\/newsletter-abonnieren\/","title":{"rendered":"Newsletter abonnieren"},"content":{"rendered":"\n<style type=\"text\/css\" data-created_by=\"avia_inline_auto\" id=\"style-css-av-9m8ytp-85b867c91d04c6da17a107e0339eb3a5\">\n.avia-section.av-9m8ytp-85b867c91d04c6da17a107e0339eb3a5{\nbackground-repeat:no-repeat;\nbackground-image:url(https:\/\/jobcapital.hu\/wp-content\/uploads\/Vector-Smart-Object-1.png);\nbackground-position:0% 0%;\nbackground-attachment:scroll;\n}\n<\/style>\n<div id='av_section_1'  class='avia-section av-9m8ytp-85b867c91d04c6da17a107e0339eb3a5 main_color avia-section-default avia-no-border-styling  avia-builder-el-0  el_before_av_section  avia-builder-el-first  szolgaltatasok-hero avia-bg-style-scroll container_wrap sidebar_right'  data-section-bg-repeat='no-repeat'><div class='container av-section-cont-open' ><main  role=\"main\" itemprop=\"mainContentOfPage\"  class='template-page content  av-content-small alpha units'><div class='post-entry post-entry-type-page post-entry-2469'><div class='entry-content-wrapper clearfix'>\n<div class='flex_column av-9j3fmt-37f93013b17ad2b63089dcacf45032fa av_two_third  avia-builder-el-1  el_before_av_one_third  avia-builder-el-first  first flex_column_div '   ><style type=\"text\/css\" data-created_by=\"avia_inline_auto\" id=\"style-css-av-l3e0ap4h-8a5f56ba9b2479b70b562e1ea388a07e\">\n#top .av-special-heading.av-l3e0ap4h-8a5f56ba9b2479b70b562e1ea388a07e{\npadding-bottom:10px;\n}\nbody .av-special-heading.av-l3e0ap4h-8a5f56ba9b2479b70b562e1ea388a07e .av-special-heading-tag .heading-char{\nfont-size:25px;\n}\n.av-special-heading.av-l3e0ap4h-8a5f56ba9b2479b70b562e1ea388a07e .av-subheading{\nfont-size:15px;\n}\n<\/style>\n<div  class='av-special-heading av-l3e0ap4h-8a5f56ba9b2479b70b562e1ea388a07e av-special-heading-h3 blockquote modern-quote  avia-builder-el-2  avia-builder-el-no-sibling '><div class='av-subheading av-subheading_above'><p>Newsletter abonnieren<\/p>\n<\/div><h3 class='av-special-heading-tag'  itemprop=\"headline\"  >Wenn Sie st\u00e4ndig \u00fcber die <span class=\"bold\">neuesten Nachrichten informiert werden m\u00f6chten<\/span><\/h3><div class=\"special-heading-border\"><div class=\"special-heading-inner-border\"><\/div><\/div><\/div><\/div><div class='flex_column av-96x185-76cf31446171df153d9d1f2f55e501c2 av_one_third  avia-builder-el-3  el_after_av_two_third  avia-builder-el-last  flex_column_div '   ><\/div>\n\n<\/div><\/div><\/main><!-- close content main element --><\/div><\/div><div id='av_section_2'  class='avia-section av-bpfjjx-bb6ed2e9b8a965fb366620425782d920 main_color avia-section-large avia-no-border-styling  avia-builder-el-4  el_after_av_section  avia-builder-el-last  szolgaltatasok-form avia-bg-style-scroll container_wrap sidebar_right'  ><div class='container av-section-cont-open' ><div class='template-page content  av-content-small alpha units'><div class='post-entry post-entry-type-page post-entry-2469'><div class='entry-content-wrapper clearfix'>\n<div class='flex_column av-axc2l-e2a16d8fc8130f4d4b0aa83d3e288947 av_one_full  avia-builder-el-5  el_before_av_one_full  avia-builder-el-first  first flex_column_div '   ><section  class='av_textblock_section av-l4crbzks-a58dcf4ab2af75cf98d6ee494e4578b1'  itemscope=\"itemscope\" itemtype=\"https:\/\/schema.org\/CreativeWork\" ><div class='avia_textblock'  itemprop=\"text\" ><p>Arbeit, Stellen, Karriere und mehr aktuelle Informationen aus der Arbeitswelt. Abonnieren Sie unseren Newsletter, um immer die besten Jobs, Karrieretipps und aktuelle Informationen zu sehen.<\/p>\n<\/div><\/section><\/div>\n<style type=\"text\/css\" data-created_by=\"avia_inline_auto\" id=\"style-css-av-ael2l9-71142f4565d39da8ad62d7aa5c7db6bb\">\n.flex_column.av-ael2l9-71142f4565d39da8ad62d7aa5c7db6bb{\nborder-radius:0px 0px 0px 0px;\n-webkit-border-radius:0px 0px 0px 0px;\n-moz-border-radius:0px 0px 0px 0px;\n}\n<\/style>\n<div class='flex_column av-ael2l9-71142f4565d39da8ad62d7aa5c7db6bb av_one_full  avia-builder-el-7  el_after_av_one_full  avia-builder-el-last  first flex_column_div av-zero-column-padding column-top-margin'   ><p><form action=\"https:\/\/jobcapital.hu\/de\/newsletter-abonnieren\/\" method=\"post\"  class=\"avia_ajax_form av-form-labels-visible   avia-builder-el-8  el_before_av_codeblock  avia-builder-el-first  szolgaltatasok-form   av-desktop-hide av-medium-hide av-small-hide av-mini-hide\" data-avia-form-id=\"1\" data-avia-redirect=''  id=\"szolgaltatasok-form\" ><h3 class=''>K\u00fcldj\u00f6n nek\u00fcnk \u00fczenetet<\/h3><fieldset><p class='  first_form  form_element form_fullwidth' id='element_avia_1_1'><label for=\"avia_1_1\">N\u00e9v <abbr class=\"required\" title=\"ben\u00f6tigt\">*<\/abbr><\/label> <input name=\"avia_1_1\" class=\"text_input is_empty\" type=\"text\" id=\"avia_1_1\" value=\"\" \/><\/p><p class='  first_form  form_element form_fullwidth' id='element_avia_2_1'><label for=\"avia_2_1\">Pozici\u00f3 <abbr class=\"required\" title=\"ben\u00f6tigt\">*<\/abbr><\/label> <input name=\"avia_2_1\" class=\"text_input is_empty\" type=\"text\" id=\"avia_2_1\" value=\"\" \/><\/p><p class='  first_form  form_element form_fullwidth' id='element_avia_3_1'><label for=\"avia_3_1\">E-mail <abbr class=\"required\" title=\"ben\u00f6tigt\">*<\/abbr><\/label> <input name=\"avia_3_1\" class=\"text_input is_email\" type=\"text\" id=\"avia_3_1\" value=\"\" \/><\/p><p class='  first_form  form_element form_fullwidth' id='element_avia_4_1'><label for=\"avia_4_1\" class=\"textare_label hidden textare_label_avia_4_1\">Telefon <abbr class=\"required\" title=\"ben\u00f6tigt\">*<\/abbr><\/label><textarea  name=\"avia_4_1\" class=\"text_area is_phone\" cols=\"40\" rows=\"7\" id=\"avia_4_1\" ><\/textarea><\/p><p class='  first_form  form_element form_element_two_third av-last-visible-form-element' id='element_avia_5_1'><input  name=\"avia_5_1\" class=\"input_checkbox is_empty\" type=\"checkbox\" id=\"avia_5_1\" value=\"true\"\/><label class=\"input_checkbox_label\" for=\"avia_5_1\">GDPR <abbr class=\"required\" title=\"ben\u00f6tigt\">*<\/abbr><\/label><\/p><p class=\"hidden\"><input type=\"text\" name=\"avia_6_1\" class=\"hidden \" id=\"avia_6_1\" value=\"\" \/><\/p><p class=\"form_element form_element_third modified_width\"><input type=\"hidden\" value=\"1\" name=\"avia_generated_form1\" \/><input type=\"submit\" value=\"K\u00fcld\u00e9s\" class=\"button\"  data-sending-label=\"Sende\"\/><\/p><\/fieldset><\/form><div id=\"ajaxresponse_1\" class=\"ajaxresponse ajaxresponse_1 hidden\"><\/div><br \/>\n<\/p><\/div><\/div><\/div><\/div><!-- close content main div --><\/div><\/div><div id='after_section_2'  class='main_color av_default_container_wrap container_wrap sidebar_right'  ><div class='container av-section-cont-open' ><div class='template-page content  av-content-small alpha units'><div class='post-entry post-entry-type-page post-entry-2469'><div class='entry-content-wrapper clearfix'>\n","protected":false},"excerpt":{"rendered":"","protected":false},"author":3,"featured_media":0,"parent":0,"menu_order":0,"comment_status":"closed","ping_status":"closed","template":"","meta":{"inline_featured_image":false,"footnotes":""},"class_list":["post-2469","page","type-page","status-publish","hentry"],"yoast_head":"<!-- This site is optimized with the Yoast SEO plugin v25.7 - https:\/\/yoast.com\/wordpress\/plugins\/seo\/ -->\n<title>Newsletter abonnieren - Jobcapital<\/title>\n<meta name=\"robots\" content=\"index, follow, max-snippet:-1, max-image-preview:large, max-video-preview:-1\" \/>\n<link rel=\"canonical\" href=\"https:\/\/jobcapital.hu\/de\/newsletter-abonnieren\/\" \/>\n<meta property=\"og:locale\" content=\"de_DE\" \/>\n<meta property=\"og:type\" content=\"article\" \/>\n<meta property=\"og:title\" content=\"Newsletter abonnieren - Jobcapital\" \/>\n<meta property=\"og:url\" content=\"https:\/\/jobcapital.hu\/de\/newsletter-abonnieren\/\" \/>\n<meta property=\"og:site_name\" content=\"Jobcapital\" \/>\n<meta property=\"article:publisher\" content=\"https:\/\/www.facebook.com\/jobcapitalpecs\" \/>\n<meta property=\"article:modified_time\" content=\"2025-05-22T08:28:20+00:00\" \/>\n<meta name=\"twitter:card\" content=\"summary_large_image\" \/>\n<meta name=\"twitter:label1\" content=\"Est. reading time\" \/>\n\t<meta name=\"twitter:data1\" content=\"4 minutes\" \/>\n<script type=\"application\/ld+json\" class=\"yoast-schema-graph\">{\"@context\":\"https:\/\/schema.org\",\"@graph\":[{\"@type\":\"WebPage\",\"@id\":\"https:\/\/jobcapital.hu\/de\/newsletter-abonnieren\/\",\"url\":\"https:\/\/jobcapital.hu\/de\/newsletter-abonnieren\/\",\"name\":\"Newsletter abonnieren - Jobcapital\",\"isPartOf\":{\"@id\":\"https:\/\/jobcapital.hu\/#website\"},\"datePublished\":\"2022-06-10T11:53:54+00:00\",\"dateModified\":\"2025-05-22T08:28:20+00:00\",\"breadcrumb\":{\"@id\":\"https:\/\/jobcapital.hu\/de\/newsletter-abonnieren\/#breadcrumb\"},\"inLanguage\":\"de-DE\",\"potentialAction\":[{\"@type\":\"ReadAction\",\"target\":[\"https:\/\/jobcapital.hu\/de\/newsletter-abonnieren\/\"]}]},{\"@type\":\"BreadcrumbList\",\"@id\":\"https:\/\/jobcapital.hu\/de\/newsletter-abonnieren\/#breadcrumb\",\"itemListElement\":[{\"@type\":\"ListItem\",\"position\":1,\"name\":\"Home\",\"item\":\"https:\/\/jobcapital.hu\/de\/\"},{\"@type\":\"ListItem\",\"position\":2,\"name\":\"Newsletter abonnieren\"}]},{\"@type\":\"WebSite\",\"@id\":\"https:\/\/jobcapital.hu\/#website\",\"url\":\"https:\/\/jobcapital.hu\/\",\"name\":\"Jobcapital\",\"description\":\"\",\"publisher\":{\"@id\":\"https:\/\/jobcapital.hu\/#organization\"},\"potentialAction\":[{\"@type\":\"SearchAction\",\"target\":{\"@type\":\"EntryPoint\",\"urlTemplate\":\"https:\/\/jobcapital.hu\/?s={search_term_string}\"},\"query-input\":{\"@type\":\"PropertyValueSpecification\",\"valueRequired\":true,\"valueName\":\"search_term_string\"}}],\"inLanguage\":\"de-DE\"},{\"@type\":\"Organization\",\"@id\":\"https:\/\/jobcapital.hu\/#organization\",\"name\":\"Jobcapital\",\"url\":\"https:\/\/jobcapital.hu\/\",\"logo\":{\"@type\":\"ImageObject\",\"inLanguage\":\"de-DE\",\"@id\":\"https:\/\/jobcapital.hu\/#\/schema\/logo\/image\/\",\"url\":\"https:\/\/jobcapital.hu\/wp-content\/uploads\/jobcapital-logo.png\",\"contentUrl\":\"https:\/\/jobcapital.hu\/wp-content\/uploads\/jobcapital-logo.png\",\"width\":1163,\"height\":817,\"caption\":\"Jobcapital\"},\"image\":{\"@id\":\"https:\/\/jobcapital.hu\/#\/schema\/logo\/image\/\"},\"sameAs\":[\"https:\/\/www.facebook.com\/jobcapitalpecs\",\"https:\/\/www.linkedin.com\/company\/jobcapital\/?viewAsMember=true\"]}]}<\/script>\n<!-- \/ Yoast SEO plugin. -->","yoast_head_json":{"title":"Newsletter abonnieren - Jobcapital","robots":{"index":"index","follow":"follow","max-snippet":"max-snippet:-1","max-image-preview":"max-image-preview:large","max-video-preview":"max-video-preview:-1"},"canonical":"https:\/\/jobcapital.hu\/de\/newsletter-abonnieren\/","og_locale":"de_DE","og_type":"article","og_title":"Newsletter abonnieren - Jobcapital","og_url":"https:\/\/jobcapital.hu\/de\/newsletter-abonnieren\/","og_site_name":"Jobcapital","article_publisher":"https:\/\/www.facebook.com\/jobcapitalpecs","article_modified_time":"2025-05-22T08:28:20+00:00","twitter_card":"summary_large_image","twitter_misc":{"Est. reading time":"4 minutes"},"schema":{"@context":"https:\/\/schema.org","@graph":[{"@type":"WebPage","@id":"https:\/\/jobcapital.hu\/de\/newsletter-abonnieren\/","url":"https:\/\/jobcapital.hu\/de\/newsletter-abonnieren\/","name":"Newsletter abonnieren - Jobcapital","isPartOf":{"@id":"https:\/\/jobcapital.hu\/#website"},"datePublished":"2022-06-10T11:53:54+00:00","dateModified":"2025-05-22T08:28:20+00:00","breadcrumb":{"@id":"https:\/\/jobcapital.hu\/de\/newsletter-abonnieren\/#breadcrumb"},"inLanguage":"de-DE","potentialAction":[{"@type":"ReadAction","target":["https:\/\/jobcapital.hu\/de\/newsletter-abonnieren\/"]}]},{"@type":"BreadcrumbList","@id":"https:\/\/jobcapital.hu\/de\/newsletter-abonnieren\/#breadcrumb","itemListElement":[{"@type":"ListItem","position":1,"name":"Home","item":"https:\/\/jobcapital.hu\/de\/"},{"@type":"ListItem","position":2,"name":"Newsletter abonnieren"}]},{"@type":"WebSite","@id":"https:\/\/jobcapital.hu\/#website","url":"https:\/\/jobcapital.hu\/","name":"Jobcapital","description":"","publisher":{"@id":"https:\/\/jobcapital.hu\/#organization"},"potentialAction":[{"@type":"SearchAction","target":{"@type":"EntryPoint","urlTemplate":"https:\/\/jobcapital.hu\/?s={search_term_string}"},"query-input":{"@type":"PropertyValueSpecification","valueRequired":true,"valueName":"search_term_string"}}],"inLanguage":"de-DE"},{"@type":"Organization","@id":"https:\/\/jobcapital.hu\/#organization","name":"Jobcapital","url":"https:\/\/jobcapital.hu\/","logo":{"@type":"ImageObject","inLanguage":"de-DE","@id":"https:\/\/jobcapital.hu\/#\/schema\/logo\/image\/","url":"https:\/\/jobcapital.hu\/wp-content\/uploads\/jobcapital-logo.png","contentUrl":"https:\/\/jobcapital.hu\/wp-content\/uploads\/jobcapital-logo.png","width":1163,"height":817,"caption":"Jobcapital"},"image":{"@id":"https:\/\/jobcapital.hu\/#\/schema\/logo\/image\/"},"sameAs":["https:\/\/www.facebook.com\/jobcapitalpecs","https:\/\/www.linkedin.com\/company\/jobcapital\/?viewAsMember=true"]}]}},"_links":{"self":[{"href":"https:\/\/jobcapital.hu\/de\/wp-json\/wp\/v2\/pages\/2469","targetHints":{"allow":["GET"]}}],"collection":[{"href":"https:\/\/jobcapital.hu\/de\/wp-json\/wp\/v2\/pages"}],"about":[{"href":"https:\/\/jobcapital.hu\/de\/wp-json\/wp\/v2\/types\/page"}],"author":[{"embeddable":true,"href":"https:\/\/jobcapital.hu\/de\/wp-json\/wp\/v2\/users\/3"}],"replies":[{"embeddable":true,"href":"https:\/\/jobcapital.hu\/de\/wp-json\/wp\/v2\/comments?post=2469"}],"version-history":[{"count":10,"href":"https:\/\/jobcapital.hu\/de\/wp-json\/wp\/v2\/pages\/2469\/revisions"}],"predecessor-version":[{"id":6479,"href":"https:\/\/jobcapital.hu\/de\/wp-json\/wp\/v2\/pages\/2469\/revisions\/6479"}],"wp:attachment":[{"href":"https:\/\/jobcapital.hu\/de\/wp-json\/wp\/v2\/media?parent=2469"}],"curies":[{"name":"wp","href":"https:\/\/api.w.org\/{rel}","templated":true}]}}