{"id":2378,"date":"2022-06-22T11:50:38","date_gmt":"2022-06-22T09:50:38","guid":{"rendered":"https:\/\/jobcapital.hu\/palyazatok\/"},"modified":"2022-07-28T13:03:05","modified_gmt":"2022-07-28T11:03:05","slug":"tenders","status":"publish","type":"page","link":"https:\/\/jobcapital.hu\/en\/tenders\/","title":{"rendered":"Tenders"},"content":{"rendered":"<div id='av_section_1'  class='avia-section av-l4cqmnmo-917b678d26aa77aff6757a31166bee52 main_color avia-section-default avia-no-border-styling  avia-builder-el-0  el_before_av_image  avia-builder-el-first  cegeknek-rolunk kapcsolat-hero avia-bg-style-scroll container_wrap sidebar_right'  ><div class='container av-section-cont-open' ><main  role=\"main\" itemprop=\"mainContentOfPage\"  class='template-page content  av-content-small alpha units'><div class='post-entry post-entry-type-page post-entry-2378'><div class='entry-content-wrapper clearfix'>\n\n<style type=\"text\/css\" data-created_by=\"avia_inline_auto\" id=\"style-css-av-fdvjc-2a54016e28ec469274649c65e5d6515c\">\n#top .av-special-heading.av-fdvjc-2a54016e28ec469274649c65e5d6515c{\npadding-bottom:10px;\nfont-size:70px;\n}\nbody .av-special-heading.av-fdvjc-2a54016e28ec469274649c65e5d6515c .av-special-heading-tag .heading-char{\nfont-size:25px;\n}\n#top #wrap_all .av-special-heading.av-fdvjc-2a54016e28ec469274649c65e5d6515c .av-special-heading-tag{\nfont-size:70px;\n}\n.av-special-heading.av-fdvjc-2a54016e28ec469274649c65e5d6515c .av-subheading{\nfont-size:15px;\n}\n<\/style>\n<div  class='av-special-heading av-fdvjc-2a54016e28ec469274649c65e5d6515c av-special-heading-h1 blockquote modern-quote  avia-builder-el-1  avia-builder-el-no-sibling  av-inherit-size'><h1 class='av-special-heading-tag'  itemprop=\"headline\"  >Tenders<\/h1><div class=\"special-heading-border\"><div class=\"special-heading-inner-border\"><\/div><\/div><\/div>\n<\/div><\/div><\/main><!-- close content main element --><\/div><\/div><div id='after_section_1'  class='main_color av_default_container_wrap container_wrap sidebar_right'  ><div class='container av-section-cont-open' ><div class='template-page content  av-content-small alpha units'><div class='post-entry post-entry-type-page post-entry-2378'><div class='entry-content-wrapper clearfix'>\n<style type=\"text\/css\" data-created_by=\"avia_inline_auto\" id=\"style-css-av-l4pmri2l-39737d546cfb27742cf9bdf6ebf39ce3\">\n.avia-image-container.av-l4pmri2l-39737d546cfb27742cf9bdf6ebf39ce3 .av-image-caption-overlay-center{\ncolor:#ffffff;\n}\n<\/style>\n<div  class='avia-image-container av-l4pmri2l-39737d546cfb27742cf9bdf6ebf39ce3 av-styling- avia-align-left  avia-builder-el-2  el_after_av_section  el_before_av_textblock  avia-builder-el-first '  itemprop=\"image\" itemscope=\"itemscope\" itemtype=\"https:\/\/schema.org\/ImageObject\" ><div class=\"avia-image-container-inner\"><div class=\"avia-image-overlay-wrap\"><img decoding=\"async\" class='wp-image-1847 avia-img-lazy-loading-not-1847 avia_image' src=\"https:\/\/jobcapital.hu\/wp-content\/uploads\/ginop-300x86.png\" alt='' title='ginop'  height=\"86\" width=\"300\"  itemprop=\"thumbnailUrl\" srcset=\"https:\/\/jobcapital.hu\/wp-content\/uploads\/ginop-300x86.png 300w, https:\/\/jobcapital.hu\/wp-content\/uploads\/ginop.png 645w\" sizes=\"(max-width: 300px) 100vw, 300px\" \/><\/div><\/div><\/div><\/p>\n<section  class='av_textblock_section av-28f9tf-1195e0d5367cf4188d805870df3f9f20'  itemscope=\"itemscope\" itemtype=\"https:\/\/schema.org\/CreativeWork\" ><div class='avia_textblock'  itemprop=\"text\" ><p><strong>Sajt\u00f3k\u00f6zlem\u00e9ny<\/strong><\/p>\n<p>A Jobcapital Kft. modern \u00fczleti kih\u00edv\u00e1sokhoz val\u00f3 alkalmazkod\u00e1s\u00e1t seg\u00edt\u0151 fejleszt\u00e9si p\u00e1ly\u00e1zata<\/p>\n<p>2022\/02\/23<\/p>\n<p>A Jobcapital Korl\u00e1tolt Felel\u0151ss\u00e9g\u0171 T\u00e1rsas\u00e1gn\u00e1l a Sz\u00e9chenyi Terv Plusz program keret\u00e9n bel\u00fcl infrastruktur\u00e1lis \u00e9s ingatlanberuh\u00e1z\u00e1s, h\u0151szivatty\u00fas rendszer telep\u00edt\u00e9se, eszk\u00f6zbeszerz\u00e9s, nyelvi k\u00e9pz\u00e9s, szakmai tan\u00e1csad\u00e1s \u00e9s inform\u00e1ci\u00f3s technol\u00f3gia fejleszt\u00e9s val\u00f3sul meg. A fejleszt\u00e9s eur\u00f3pai uni\u00f3s t\u00e1mogat\u00e1sb\u00f3l \u00e9s hazai k\u00f6zponti k\u00f6lts\u00e9gvet\u00e9si el\u0151ir\u00e1nyzatb\u00f3l t\u00f6rt\u00e9nik 144,2 milli\u00f3 forint felt\u00e9telesen vissza nem t\u00e9r\u00edtend\u0151 t\u00e1mogat\u00e1s form\u00e1j\u00e1ban.<\/p>\n<p>A fejleszt\u00e9s c\u00e9lja a Jobcapital Kft. modern \u00fczleti \u00e9s termel\u00e9si kih\u00edv\u00e1sokhoz val\u00f3 alkalmazkod\u00e1s\u00e1nak el\u0151seg\u00edt\u00e9se. A projekt a Sz\u00e9chenyi Terv Plusz program keret\u00e9ben val\u00f3sul meg.<\/p>\n<p>A 144\u00a0200 000 Forint eur\u00f3pai uni\u00f3s t\u00e1mogat\u00e1s seg\u00edts\u00e9g\u00e9vel a v\u00e1llalkoz\u00e1s 7621 P\u00e9cs, R\u00e1k\u00f3czi \u00fat 17. c\u00edm\u0171 megval\u00f3s\u00edt\u00e1si hely\u00e9n ker\u00fcl sor a fejleszt\u00e9sre. A p\u00e1ly\u00e1zat keret\u00e9ben az al\u00e1bbi tev\u00e9kenys\u00e9gek val\u00f3sulnak meg:<\/p>\n<ul>\n<li>ingatlan \u00e1talak\u00edt\u00e1s<\/li>\n<li>eszk\u00f6z\u00f6k beszerz\u00e9se<\/li>\n<li>h\u0151szivatty\u00fas rendszer telep\u00edt\u00e9se<\/li>\n<li>k\u00e9pz\u00e9s \u00e9s tan\u00e1csad\u00e1s szolg\u00e1ltat\u00e1sok ig\u00e9nybev\u00e9tele<\/li>\n<li>\u00fczleti felh\u0151szolg\u00e1ltat\u00e1s ig\u00e9nybev\u00e9tele<\/li>\n<\/ul>\n<p>A projekt v\u00e1rhat\u00f3 befejez\u00e9se: 2024. febru\u00e1r 22.<\/p>\n<p>Projektazonos\u00edt\u00f3: GINOP_PLUSZ-1.2.3-21-2022-03428<\/p>\n<p><strong>Tov\u00e1bbi inform\u00e1ci\u00f3 k\u00e9rhet\u0151: <\/strong><\/p>\n<p>Papp Zolt\u00e1n P\u00e9ter, \u00fcgyvezet\u0151<\/p>\n<p>info@jobcapital.hu<\/p>\n<\/div><\/section>\n<div  class='hr av-l4pmqh7m-ea48e1b5fb9e98b845af05f787615fa8 hr-full  avia-builder-el-4  el_after_av_textblock  el_before_av_textblock  hr-no-shadow'><span class='hr-inner '><span class=\"hr-inner-style\"><\/span><\/span><\/div>\n<section  class='av_textblock_section av-l4pmt8bg-e11ff0489cdfb7c7e17168484eacef8f'  itemscope=\"itemscope\" itemtype=\"https:\/\/schema.org\/CreativeWork\" ><div class='avia_textblock'  itemprop=\"text\" ><p><strong>GINOP-3.2.2-8-2-4-16-2017-00271- Hardver \u00e9s Szoftver beszerz\u00e9s a Jobcapital Kft-n\u00e9l<\/strong><\/p>\n<p><strong>A projekt alapadatai:<\/strong><\/p>\n<ul>\n<li>Projekt azonos\u00edt\u00f3: GINOP-3.2.2-8-2-4-16-2017-00271<\/li>\n<li>Ig\u00e9nyelt t\u00e1mogat\u00e1s: 17\u00a0325 000 Ft<\/li>\n<\/ul>\n<ul>\n<li>Kedvezm\u00e9nyes hitel \u00f6sszeg: 21\u00a0656 250 Ft<\/li>\n<li>\u00d6ner\u0151: 4\u00a0331 250 Ft<\/li>\n<li>T\u00e1mogat\u00e1s m\u00e9rt\u00e9ke: 40%<\/li>\n<li>Projekt k\u00f6lts\u00e9gvet\u00e9se: 43\u00a0312\u00a0500 Ft<\/li>\n<li>Projekt tervezett befejez\u00e9se: 2019.08.31.<\/li>\n<\/ul>\n<p><strong>A projekt bemutat\u00e1sa:<\/strong><\/p>\n<p>A Jobcapital Kft. 2014-ben alakult munkaer\u0151 toborz\u00e1sra \u00e9s kiv\u00e1laszt\u00e1sra specializ\u00e1l\u00f3dott v\u00e1llalkoz\u00e1s, f\u0151tev\u00e9kenys\u00e9g\u00fcnk a 7820&#8217;08 TE\u00c1OR sz\u00e1m\u00fa munkaer\u0151k\u00f6lcs\u00f6nz\u00e9s, feladataink k\u00f6z\u00e9 tartozik a teljes k\u00f6r\u0171 szem\u00e9lyzeti szolg\u00e1ltat\u00e1s ny\u00fajt\u00e1sa partnereink sz\u00e1m\u00e1ra, amely keret\u00e9ben munkaer\u0151 k\u00f6zvet\u00edt\u00e9st-, k\u00f6lcs\u00f6nz\u00e9st, el\u0151sz\u0171r\u00e9st, toborz\u00e1st \u00e9s foglalkoztat\u00e1si tan\u00e1csad\u00e1st v\u00e1llalunk. \u00dcgyfeleink els\u0151sorban az elektrotechnikai, neh\u00e9zipari \u00e9s szolg\u00e1ltat\u00f3 iparb\u00f3l ker\u00fclnek ki, de egy\u00e9ni k\u00e9r\u00e9sek alapj\u00e1n b\u00e1rmely munkater\u00fcleten professzion\u00e1lis seg\u00edts\u00e9get ny\u00fajtunk a munk\u00e1ltat\u00f3knak a megfelel\u0151 szem\u00e9lyzet \u00f6ssze\u00e1ll\u00edt\u00e1s\u00e1ban. Munkav\u00e1llal\u00f3k \u00e9s \u00e1ll\u00e1skeres\u0151k sz\u00e1m\u00e1ra is folyamatosan b\u0151v\u00fcl\u0151 \u00e9s naprak\u00e9sz \u00e1ll\u00e1saj\u00e1nlatokat k\u00edn\u00e1lunk, ny\u00fajt, \u00f6n\u00e9letrajz k\u00e9sz\u00edt\u00e9si tan\u00e1csad\u00e1ssal \u00e9s \u00e1ll\u00e1sinterj\u00fara val\u00f3 felk\u00e9sz\u00edt\u00e9ssel is seg\u00edtj\u00fck a sikeres munk\u00e1ba \u00e1ll\u00e1s megval\u00f3sul\u00e1s\u00e1t. A hazai partnerek mellett ausztriai, n\u00e9metorsz\u00e1gi \u00e9s sv\u00e1jci kapcsolatokkal is rendelkez\u00fcnk. A Magyarorsz\u00e1gon napjainkban jelentkez\u0151 munkaer\u0151piaci kih\u00edv\u00e1snak elengedhetetlen r\u00e9sze a folyamatos fejl\u0151d\u00e9s. H\u00edvat\u00e1sunk, hogy megold\u00e1st ny\u00fajtsunk a munkaer\u0151piac ig\u00e9nyeire, ezt tervezhet\u0151, kreat\u00edv, azonban egyszer\u0171 folyamatokkal c\u00e9lunk el\u00e9rni.<\/p>\n<p>K\u00f6vetkez\u00e9sk\u00e9ppen \u00fagy l\u00e1ttuk, hogy sz\u00fcks\u00e9g\u00fcnk van egy olyan ERP rendszerre, amellyel optimaliz\u00e1lni tudjuk a munkafolyamatainkat. P\u00e1ly\u00e1zati projekt\u00fcnk keret\u00e9ben a H\u00e9lix V\u00e1llalatir\u00e1ny\u00edt\u00e1si Rendszer bevezet\u00e9s\u00e9t k\u00edv\u00e1njuk megval\u00f3s\u00edtani, amelynek besz\u00e1ll\u00edt\u00f3ja a Rose Software Kft., emellett informatikai rendszer\u00fcnket korszer\u0171s\u00edtj\u00fck, amely folyamatot besz\u00e1ll\u00edt\u00f3k\u00e9nt az InfoComplex Bt. t\u00e1mogatja.<\/p>\n<p>Jelenleg v\u00e1llalkoz\u00e1sunk 38 f\u0151t foglalkoztat, ebb\u0151l v\u00e1rhat\u00f3an 15 f\u0151 irodai alkalmazott fogja haszn\u00e1lni a rendszert a mindennapi \u00fcgymenet sor\u00e1n, amely seg\u00edti \u0151ket az adatfolyamatok egyszer\u0171s\u00edt\u00e9s\u00e9ben, a feladatkioszt\u00e1sban, ellen\u0151rz\u00e9sben, munk\u00e1jukat felgyors\u00edtja, leegyszer\u0171s\u00edti, \u00edgy v\u00e1llalkoz\u00e1sunk hat\u00e9konyabban m\u0171k\u00f6dik, ez\u00e1ltal versenyk\u00e9pess\u00e9g\u00fcnk javul, \u00fczemi eredm\u00e9ny\u00fcnk n\u00f6vekszik.<\/p>\n<p>A projekt keret\u00e9ben beszerezni \u00e9s megval\u00f3s\u00edtani k\u00edv\u00e1nt megold\u00e1saink egyr\u00e9szt a helyben telep\u00edtett rendszermodulok: CRM, amely alkalmas szerz\u0151d\u00e9sek t\u00e1rol\u00e1s\u00e1ra, kamp\u00e1nymenedzsmentre, folyamat nyomonk\u00f6vet\u00e9sre; Hum\u00e1n er\u0151forr\u00e1s menedzsment \u00e9s b\u00e9rsz\u00e1mfejt\u00e9s: a programmal az adatr\u00f6gz\u00edt\u00e9sek gyors\u00edthat\u00f3ak \u00e9s pontos\u00edthat\u00f3ak; Beszerz\u00e9si, logisztikai ter\u00fclet: a modul biztos\u00edtja az \u00e1rr\u00e9s fel\u00fcgyelet\u00e9t, ami stabiliz\u00e1l\u00f3 hat\u00e1ssal van a nyeres\u00e9gre; P\u00e9nz\u00fcgyi, sz\u00e1mviteli ter\u00fclet: seg\u00edti a t\u00e1rgyi eszk\u00f6z nyilv\u00e1ntart\u00e1s k\u00f6vet\u00e9s\u00e9t, kezeli a sz\u00e1ll\u00edt\u00f3i \u00e9s a vev\u0151i sz\u00e1ml\u00e1kat; Munkafolyamat-ir\u00e1ny\u00edt\u00e1si rendszer (workflow): lehet\u0151v\u00e9 teszi, hogy a v\u00e1llalat alkalmazottai \u00e1tl\u00e1that\u00f3 m\u00f3don, egy\u00e9nekt\u0151l f\u00fcggetlen\u00fcl val\u00f3s\u00edts\u00e1k meg az \u00fczleti c\u00e9lokat; Elektronikus iratkezel\u00e9s: kiv\u00e1lthat\u00f3ak a pap\u00edr alap\u00fa dokumentumok, digitaliz\u00e1lhat\u00f3ak, rendszeren bel\u00fcl t\u00f6rt\u00e9nik a dokumentumok iktat\u00e1sa, t\u00e1rol\u00e1sa, mozgat\u00e1sa, stabil a reklam\u00e1ci\u00f3 kezel\u00e9se, probl\u00e9mamegold\u00e1s, az iratok \u00e9letciklusa k\u00f6vethet\u0151; Tud\u00e1smenedzsment specializ\u00e1lt megold\u00e1s: k\u00fcl\u00f6nb\u00f6z\u0151 csoportos\u00edt\u00e1si lehet\u0151s\u00e9gekkel feljegyz\u00e9sek vihet\u0151k fel. Emellett a rendszer mobil megold\u00e1son kereszt\u00fcl is el\u00e9rhet\u0151v\u00e9 v\u00e1lik. A felh\u0151alap\u00fa modulok: Kontrolling \u00e9s d\u00f6nt\u00e9st\u00e1mogat\u00e1s; T\u00e1v-\u00e9s csoportmunka t\u00e1mogat\u00e1s; Szolg\u00e1ltat\u00e1smenedzsment.<\/p>\n<p>A projektben v\u00e9grehajtott informatikai fejleszt\u00e9s eredm\u00e9nyek\u00e9ppen beszerz\u00e9sre ker\u00fcl 4 db PC konfigur\u00e1ci\u00f3, 1 db sz\u00fcnetmentes t\u00e1pegys\u00e9g, 1 db szerver, 6 db laptop, 2 db projektor \u00e9s 1 db nyomtat\u00f3. A fejleszt\u00e9s nagym\u00e9rt\u00e9kben jav\u00edtja c\u00e9g\u00fcnk technol\u00f3giai felk\u00e9sz\u00fclts\u00e9g\u00e9t, versenyk\u00e9pess\u00e9g\u00e9t \u00e9s er\u0151forr\u00e1s-hat\u00e9konys\u00e1g\u00e1t.<\/p>\n<p><strong>A projekt megval\u00f3sul\u00e1s\u00e1nak helysz\u00edne:<\/strong><\/p>\n<p>7621 P\u00e9cs, R\u00e1k\u00f3czi \u00fat 17<\/p>\n<p><strong>A projekt megval\u00f3sul\u00e1s\u00e1ban k\u00f6zrem\u0171k\u00f6d\u0151 szervezet:<\/strong><br \/>\nP\u00e9nz\u00fcgyminiszt\u00e9rium &#8211; Gazdas\u00e1gfejleszt\u00e9si Programok<\/p>\n<p>C\u00edm: 1139 Budapest, V\u00e1ci \u00fat 83.<\/p>\n<p>E-mail:\u00a0<a href=\"mailto:gazdasagfejlesztes@pm.gov.hu\">gazdasagfejlesztes@pm.gov.hu<\/a><br \/>\nTelefon: +36 1 896 6666<br \/>\nHonlap:\u00a0<a href=\"http:\/\/www.palyazat.gov.hu\/\">www.palyazat.gov.hu<\/a><\/p>\n<\/div><\/section>\n<div  class='hr av-av_hr-ab1280f24c7ec2564077419fd2b6bdc2 hr-full  avia-builder-el-6  el_after_av_textblock  el_before_av_image  hr-no-shadow'><span class='hr-inner '><span class=\"hr-inner-style\"><\/span><\/span><\/div>\n\n<style type=\"text\/css\" data-created_by=\"avia_inline_auto\" id=\"style-css-av-l4pmu8ln-a98394d98e09d6829f6b40fb4ff91c34\">\n.avia-image-container.av-l4pmu8ln-a98394d98e09d6829f6b40fb4ff91c34 .av-image-caption-overlay-center{\ncolor:#ffffff;\n}\n<\/style>\n<div  class='avia-image-container av-l4pmu8ln-a98394d98e09d6829f6b40fb4ff91c34 av-styling- avia-align-right  avia-builder-el-7  el_after_av_hr  el_before_av_textblock '  itemprop=\"image\" itemscope=\"itemscope\" itemtype=\"https:\/\/schema.org\/ImageObject\" ><div class=\"avia-image-container-inner\"><div class=\"avia-image-overlay-wrap\"><img decoding=\"async\" class='wp-image-1849 avia-img-lazy-loading-not-1849 avia_image' src=\"https:\/\/jobcapital.hu\/wp-content\/uploads\/szechenyi2020-300x207.png\" alt='' title='szechenyi2020'  height=\"207\" width=\"300\"  itemprop=\"thumbnailUrl\" srcset=\"https:\/\/jobcapital.hu\/wp-content\/uploads\/szechenyi2020-300x207.png 300w, https:\/\/jobcapital.hu\/wp-content\/uploads\/szechenyi2020-1024x708.png 1024w, https:\/\/jobcapital.hu\/wp-content\/uploads\/szechenyi2020-768x531.png 768w, https:\/\/jobcapital.hu\/wp-content\/uploads\/szechenyi2020-705x487.png 705w, https:\/\/jobcapital.hu\/wp-content\/uploads\/szechenyi2020.png 1453w\" sizes=\"(max-width: 300px) 100vw, 300px\" \/><\/div><\/div><\/div>\n<section  class='av_textblock_section av-l4pmuqaf-1264865b1e7a8c301c2c8f5aaeff9aea'  itemscope=\"itemscope\" itemtype=\"https:\/\/schema.org\/CreativeWork\" ><div class='avia_textblock'  itemprop=\"text\" ><p><strong>A Jobcapital Kft. foglalkoztat\u00e1sb\u0151v\u00edt\u00e9se<\/strong><\/p>\n<ul>\n<li>a kedvezm\u00e9nyezett neve: <strong>Jobcapital Korl\u00e1tolt Felel\u0151ss\u00e9g\u0171 T\u00e1rsas\u00e1g<\/strong><\/li>\n<\/ul>\n<ul>\n<li>a szerz\u0151d\u00f6tt t\u00e1mogat\u00e1s \u00f6sszege: <strong>15 120\u00a0000 Forint<\/strong><\/li>\n<li>a t\u00e1mogat\u00e1s m\u00e9rt\u00e9ke: <strong>60%<\/strong><\/li>\n<li>a projekt tartalm\u00e1nak bemutat\u00e1sa:<\/li>\n<\/ul>\n<p>A projekt keretein bel\u00fcl <strong>3 \u00faj munkat\u00e1rs<\/strong> felv\u00e9tel\u00e9t val\u00f3s\u00edtjuk meg. Az \u00faj munkat\u00e1rsak a toborz\u00e1s, kiv\u00e1laszt\u00e1si folyamatot, CRM rendszerek kezel\u00e9s\u00e9t seg\u00edtik, feladataik k\u00f6z\u00e9 tartozik m\u00e9g az \u00fcgyf\u00e9l szerz\u00e9s, kezel\u00e9s, t\u00e1rsas\u00e1gunk szolg\u00e1ltat\u00e1sainak elad\u00e1s\u00f6szt\u00f6nz\u0151 tev\u00e9kenys\u00e9g\u00e9nek, eszk\u00f6zeinek m\u0171k\u00f6dtet\u00e9se, \u00e9rt\u00e9kes\u00edt\u00e9s. Munk\u00e1jukkal t\u00e1mogatj\u00e1k a bel\u00e9pt\u00e9tet\u00e9si, munka\u00fcgyi elsz\u00e1mol\u00e1si folyamatok.<\/p>\n<p>Lehet\u0151s\u00e9g szerint angol \u00e9s\/vagy n\u00e9met nyelvismerettel rendelkeznek. Elk\u00e9sz\u00edtik a kimen\u0151 sz\u00e1ml\u00e1kat, a hozz\u00e1juk kapcsol\u00f3d\u00f3 teljes\u00edt\u00e9s igazol\u00e1sokat. Ezen fel\u00fcl ellen\u0151rzik, illetve k\u00f6nyvel\u00e9sre el\u0151k\u00e9sz\u00edtik a sz\u00fcks\u00e9ges dokumentumokat, figyelemmel k\u00eds\u00e9rik a c\u00e9g likvidit\u00e1s\u00e1t partneri oldalr\u00f3l. Sz\u00fcks\u00e9g szerint kapcsolatot tartanak a p\u00e9nz\u00fcgyi szakmai szervezetekkel, r\u00e9szt vesznek, illetve elk\u00e9sz\u00edtik az id\u0151szaki besz\u00e1mol\u00f3kat. A munkat\u00e1rsakat az al\u00e1bbi munkak\u00f6r\u00f6kben foglalkoztatjuk:<\/p>\n<ul>\n<li>1 f\u0151 project manager<\/li>\n<li>2 f\u0151 b\u00e9rsz\u00e1mfejt\u0151<\/li>\n<\/ul>\n<p>Munkat\u00e1rsaink modern irodai k\u00f6rnyezetben v\u00e9gezhetik feladataikat. Munk\u00e1jukhoz minden sz\u00fcks\u00e9ges technol\u00f3giai eszk\u00f6z rendelkez\u00e9sre fog \u00e1llni, hiszen beszerz\u00e9sre ker\u00fclnek \u00faj laptopok, szem\u00e9lyi sz\u00e1m\u00edt\u00f3g\u00e9pek, mobiltelefonok, illetve k\u00fcl\u00f6nb\u00f6z\u0151 szoftverek (MS Office, CRM stb.)\u00a0 P\u00e9cs belv\u00e1ros\u00e1ban, frekvent\u00e1lt mindenki sz\u00e1m\u00e1ra k\u00f6nnyen el\u00e9rhet\u0151, megk\u00f6zel\u00edthet\u0151 helyen egy ig\u00e9nyesen kialak\u00edtott irodah\u00e1zban val\u00f3s\u00edtjuk meg projekt\u00fcnket.<\/p>\n<p>Az \u00faj munkav\u00e1llal\u00f3k mindegyike a c\u00e9g profilj\u00e1hoz kapcsol\u00f3d\u00f3 valamennyi klasszikus tev\u00e9kenys\u00e9gb\u0151l sz\u00e1rmaz\u00f3 p\u00e9nz\u00fcgyi feladatba betekint\u00e9st nyer, majd azokat \u00f6n\u00e1ll\u00f3an kivitelezni k\u00e9pes. Vev\u0151i \u00e9s besz\u00e1ll\u00edt\u00f3i oldalon is nyomon k\u00f6veti a tranzakci\u00f3kat a megrendel\u00e9sekt\u0151l a teljes\u00edt\u00e9sek igazol\u00e1s\u00e1n kereszt\u00fcl a sz\u00e1ml\u00e1z\u00e1sig ill. a kifizet\u00e9sek \u00e9s a be\u00e9rkez\u0151 t\u00e9telek monitoroz\u00e1s\u00e1ig. Kapcsolatot tart a partnerek relev\u00e1ns munkak\u00f6rben dolgoz\u00f3 munkat\u00e1rsaival. Tov\u00e1bb\u00e1 a c\u00e9g megb\u00edz\u00f3it\u00f3l sz\u00e1rmaz\u00f3 munkaer\u0151-ig\u00e9nyek kiel\u00e9g\u00edt\u00e9s\u00e9ben v\u00e1llalnak szerepet.<\/p>\n<p>E tev\u00e9kenys\u00e9geknek k\u00f6sz\u00f6nhet\u0151en koll\u00e9g\u00e1ink naprak\u00e9sz \u00e9s egyed\u00fcl\u00e1ll\u00f3 munkaer\u0151-piaci tapasztalatra \u00e9s tud\u00e1sra tesznek szert.<\/p>\n<ul>\n<li>a projekt befejez\u00e9si d\u00e1tuma: <strong>09.30.<\/strong><\/li>\n<li>projekt azonos\u00edt\u00f3 sz\u00e1ma: <strong>GINOP-5.3.12-19-2020-00110<\/strong><\/li>\n<\/ul>\n<\/div><\/section>\n","protected":false},"excerpt":{"rendered":"","protected":false},"author":3,"featured_media":0,"parent":0,"menu_order":0,"comment_status":"closed","ping_status":"closed","template":"","meta":{"inline_featured_image":false,"footnotes":""},"class_list":["post-2378","page","type-page","status-publish","hentry"],"yoast_head":"<!-- This site is optimized with the Yoast SEO plugin v25.7 - https:\/\/yoast.com\/wordpress\/plugins\/seo\/ -->\n<title>Tenders - Jobcapital<\/title>\n<meta name=\"robots\" content=\"index, follow, max-snippet:-1, max-image-preview:large, max-video-preview:-1\" \/>\n<link rel=\"canonical\" href=\"https:\/\/jobcapital.hu\/en\/tenders\/\" \/>\n<meta property=\"og:locale\" content=\"en_US\" \/>\n<meta property=\"og:type\" content=\"article\" \/>\n<meta property=\"og:title\" content=\"Tenders - Jobcapital\" \/>\n<meta property=\"og:url\" content=\"https:\/\/jobcapital.hu\/en\/tenders\/\" \/>\n<meta property=\"og:site_name\" content=\"Jobcapital\" \/>\n<meta property=\"article:publisher\" content=\"https:\/\/www.facebook.com\/jobcapitalpecs\" \/>\n<meta property=\"article:modified_time\" content=\"2022-07-28T11:03:05+00:00\" \/>\n<meta name=\"twitter:card\" content=\"summary_large_image\" \/>\n<meta name=\"twitter:label1\" content=\"Est. reading time\" \/>\n\t<meta name=\"twitter:data1\" content=\"1 minute\" \/>\n<script type=\"application\/ld+json\" class=\"yoast-schema-graph\">{\"@context\":\"https:\/\/schema.org\",\"@graph\":[{\"@type\":\"WebPage\",\"@id\":\"https:\/\/jobcapital.hu\/en\/tenders\/\",\"url\":\"https:\/\/jobcapital.hu\/en\/tenders\/\",\"name\":\"Tenders - Jobcapital\",\"isPartOf\":{\"@id\":\"https:\/\/jobcapital.hu\/#website\"},\"datePublished\":\"2022-06-22T09:50:38+00:00\",\"dateModified\":\"2022-07-28T11:03:05+00:00\",\"breadcrumb\":{\"@id\":\"https:\/\/jobcapital.hu\/en\/tenders\/#breadcrumb\"},\"inLanguage\":\"en-US\",\"potentialAction\":[{\"@type\":\"ReadAction\",\"target\":[\"https:\/\/jobcapital.hu\/en\/tenders\/\"]}]},{\"@type\":\"BreadcrumbList\",\"@id\":\"https:\/\/jobcapital.hu\/en\/tenders\/#breadcrumb\",\"itemListElement\":[{\"@type\":\"ListItem\",\"position\":1,\"name\":\"Home\",\"item\":\"https:\/\/jobcapital.hu\/en\/\"},{\"@type\":\"ListItem\",\"position\":2,\"name\":\"Tenders\"}]},{\"@type\":\"WebSite\",\"@id\":\"https:\/\/jobcapital.hu\/#website\",\"url\":\"https:\/\/jobcapital.hu\/\",\"name\":\"Jobcapital\",\"description\":\"\",\"publisher\":{\"@id\":\"https:\/\/jobcapital.hu\/#organization\"},\"potentialAction\":[{\"@type\":\"SearchAction\",\"target\":{\"@type\":\"EntryPoint\",\"urlTemplate\":\"https:\/\/jobcapital.hu\/?s={search_term_string}\"},\"query-input\":{\"@type\":\"PropertyValueSpecification\",\"valueRequired\":true,\"valueName\":\"search_term_string\"}}],\"inLanguage\":\"en-US\"},{\"@type\":\"Organization\",\"@id\":\"https:\/\/jobcapital.hu\/#organization\",\"name\":\"Jobcapital\",\"url\":\"https:\/\/jobcapital.hu\/\",\"logo\":{\"@type\":\"ImageObject\",\"inLanguage\":\"en-US\",\"@id\":\"https:\/\/jobcapital.hu\/#\/schema\/logo\/image\/\",\"url\":\"https:\/\/jobcapital.hu\/wp-content\/uploads\/jobcapital-logo.png\",\"contentUrl\":\"https:\/\/jobcapital.hu\/wp-content\/uploads\/jobcapital-logo.png\",\"width\":1163,\"height\":817,\"caption\":\"Jobcapital\"},\"image\":{\"@id\":\"https:\/\/jobcapital.hu\/#\/schema\/logo\/image\/\"},\"sameAs\":[\"https:\/\/www.facebook.com\/jobcapitalpecs\",\"https:\/\/www.linkedin.com\/company\/jobcapital\/?viewAsMember=true\"]}]}<\/script>\n<!-- \/ Yoast SEO plugin. -->","yoast_head_json":{"title":"Tenders - Jobcapital","robots":{"index":"index","follow":"follow","max-snippet":"max-snippet:-1","max-image-preview":"max-image-preview:large","max-video-preview":"max-video-preview:-1"},"canonical":"https:\/\/jobcapital.hu\/en\/tenders\/","og_locale":"en_US","og_type":"article","og_title":"Tenders - Jobcapital","og_url":"https:\/\/jobcapital.hu\/en\/tenders\/","og_site_name":"Jobcapital","article_publisher":"https:\/\/www.facebook.com\/jobcapitalpecs","article_modified_time":"2022-07-28T11:03:05+00:00","twitter_card":"summary_large_image","twitter_misc":{"Est. reading time":"1 minute"},"schema":{"@context":"https:\/\/schema.org","@graph":[{"@type":"WebPage","@id":"https:\/\/jobcapital.hu\/en\/tenders\/","url":"https:\/\/jobcapital.hu\/en\/tenders\/","name":"Tenders - Jobcapital","isPartOf":{"@id":"https:\/\/jobcapital.hu\/#website"},"datePublished":"2022-06-22T09:50:38+00:00","dateModified":"2022-07-28T11:03:05+00:00","breadcrumb":{"@id":"https:\/\/jobcapital.hu\/en\/tenders\/#breadcrumb"},"inLanguage":"en-US","potentialAction":[{"@type":"ReadAction","target":["https:\/\/jobcapital.hu\/en\/tenders\/"]}]},{"@type":"BreadcrumbList","@id":"https:\/\/jobcapital.hu\/en\/tenders\/#breadcrumb","itemListElement":[{"@type":"ListItem","position":1,"name":"Home","item":"https:\/\/jobcapital.hu\/en\/"},{"@type":"ListItem","position":2,"name":"Tenders"}]},{"@type":"WebSite","@id":"https:\/\/jobcapital.hu\/#website","url":"https:\/\/jobcapital.hu\/","name":"Jobcapital","description":"","publisher":{"@id":"https:\/\/jobcapital.hu\/#organization"},"potentialAction":[{"@type":"SearchAction","target":{"@type":"EntryPoint","urlTemplate":"https:\/\/jobcapital.hu\/?s={search_term_string}"},"query-input":{"@type":"PropertyValueSpecification","valueRequired":true,"valueName":"search_term_string"}}],"inLanguage":"en-US"},{"@type":"Organization","@id":"https:\/\/jobcapital.hu\/#organization","name":"Jobcapital","url":"https:\/\/jobcapital.hu\/","logo":{"@type":"ImageObject","inLanguage":"en-US","@id":"https:\/\/jobcapital.hu\/#\/schema\/logo\/image\/","url":"https:\/\/jobcapital.hu\/wp-content\/uploads\/jobcapital-logo.png","contentUrl":"https:\/\/jobcapital.hu\/wp-content\/uploads\/jobcapital-logo.png","width":1163,"height":817,"caption":"Jobcapital"},"image":{"@id":"https:\/\/jobcapital.hu\/#\/schema\/logo\/image\/"},"sameAs":["https:\/\/www.facebook.com\/jobcapitalpecs","https:\/\/www.linkedin.com\/company\/jobcapital\/?viewAsMember=true"]}]}},"_links":{"self":[{"href":"https:\/\/jobcapital.hu\/en\/wp-json\/wp\/v2\/pages\/2378","targetHints":{"allow":["GET"]}}],"collection":[{"href":"https:\/\/jobcapital.hu\/en\/wp-json\/wp\/v2\/pages"}],"about":[{"href":"https:\/\/jobcapital.hu\/en\/wp-json\/wp\/v2\/types\/page"}],"author":[{"embeddable":true,"href":"https:\/\/jobcapital.hu\/en\/wp-json\/wp\/v2\/users\/3"}],"replies":[{"embeddable":true,"href":"https:\/\/jobcapital.hu\/en\/wp-json\/wp\/v2\/comments?post=2378"}],"version-history":[{"count":4,"href":"https:\/\/jobcapital.hu\/en\/wp-json\/wp\/v2\/pages\/2378\/revisions"}],"predecessor-version":[{"id":5670,"href":"https:\/\/jobcapital.hu\/en\/wp-json\/wp\/v2\/pages\/2378\/revisions\/5670"}],"wp:attachment":[{"href":"https:\/\/jobcapital.hu\/en\/wp-json\/wp\/v2\/media?parent=2378"}],"curies":[{"name":"wp","href":"https:\/\/api.w.org\/{rel}","templated":true}]}}